{"id":2142,"date":"2025-03-25T22:59:30","date_gmt":"2025-03-25T21:59:30","guid":{"rendered":"https:\/\/solveredu.com\/?page_id=2142"},"modified":"2025-10-15T01:09:37","modified_gmt":"2025-10-14T23:09:37","slug":"privacy_policy","status":"publish","type":"page","link":"https:\/\/solveredu.com\/zh\/privacy_policy\/","title":{"rendered":"\u9690\u79c1\u653f\u7b56"},"content":{"rendered":"<h2 class=\"wp-block-heading has-medium-font-size\"><strong>\u7f51\u7edc\u5e94\u7528\u9690\u79c1\u653f\u7b56<\/strong><\/h2>\n\n\n\n<p class=\"has-medium-font-size wp-block-paragraph\"><strong>SOLVEREDU.COM<\/strong><\/p>\n\n\n\n<p class=\"wp-block-paragraph\"><strong>\u00a7 1<\/strong><\/p>\n\n\n\n<p class=\"wp-block-paragraph\"><strong>\u603b\u5219<\/strong><\/p>\n\n\n\n<ol class=\"wp-block-list\">\n<li>z o.o.\uff0c\u6ce8\u518c\u5730\u5740\u4e3a\u5f17\u7f57\u8328\u74e6\u592b\uff0cul. Zdrowa 22\/7a\uff0c53-511 Wroc\u0142aw\uff0c\u56fd\u5bb6\u6cd5\u9662\u6ce8\u518c\u53f7\u4e3a KRS\uff1a0001157555\uff0cNIP\uff1a8971949662\uff0cREGON\uff1a541013535\uff0c\u7535\u5b50\u90ae\u4ef6\u5730\u5740\uff08e-mail\uff09\uff1a\uff0c\u7535\u8bdd\u53f7\u7801\uff1a+48 508 203 666\uff0c\u4ee5\u4e0b\u7b80\u79f0 \u201e\u7ba1\u7406\u5458\u201d\uff0c\u540c\u65f6\u4e5f\u662f \u201e\u670d\u52a1\u63d0\u4f9b\u5546\u201d\uff1asolveredu@solveredu.com, \u7535\u8bdd\u53f7\u7801\uff1a+48 508 203 666\uff0c\u4ee5\u4e0b\u7b80\u79f0 \"\u7ba1\u7406\u5458\"\uff0c\u540c\u65f6\u4e5f\u662f \"\u670d\u52a1\u63d0\u4f9b\u5546\"\u3002.<\/li>\n\n\n\n<li>\u7ba1\u7406\u5458\u901a\u8fc7\u7533\u8bf7\u8868\u6536\u96c6\u7684\u4e2a\u4eba\u6570\u636e\u5c06\u6839\u636e\u6b27\u6d32\u8bae\u4f1a\u548c\u6b27\u76df\u7406\u4e8b\u4f1a 2016 \u5e74 4 \u6708 27 \u65e5\u9881\u5e03\u7684\u5173\u4e8e\u5728\u4e2a\u4eba\u6570\u636e\u5904\u7406\u65b9\u9762\u4fdd\u62a4\u81ea\u7136\u4eba\u4ee5\u53ca\u5173\u4e8e\u6b64\u7c7b\u6570\u636e\u81ea\u7531\u6d41\u52a8\u7684\u7b2c 2016\/679 \u53f7\u6761\u4f8b\uff08\u6b27\u76df\uff09\u8fdb\u884c\u5904\u7406\uff0c\u8be5\u6761\u4f8b\u5e9f\u9664\u4e86\u7b2c 95\/46\/EC \u53f7\u6307\u4ee4\uff08\u300a\u901a\u7528\u6570\u636e\u4fdd\u62a4\u6761\u4f8b\u300b\uff09\uff0c\u4ee5\u4e0b\u7b80\u79f0\u300a\u6761\u4f8b\u300b\u3002 <strong>RODO <\/strong>\u4ee5\u53ca 2014 \u5e74 5 \u6708 30 \u65e5\u7684\u300a\u6d88\u8d39\u8005\u6743\u5229\u6cd5\u300b\u3002.<\/li>\n\n\n\n<li>\u672c\u9690\u79c1\u653f\u7b56\u6b63\u6587\u4e2d\u4efb\u4f55\u5927\u5199\u7684\u8bcd\u8bed\u6216\u8868\u8ff0\u5e94\u6309\u7533\u8bf7\u6761\u6b3e\u548c\u6761\u4ef6\u4e2d\u7684\u5b9a\u4e49\u89e3\u91ca\u3002.<\/li>\n<\/ol>\n\n\n\n<p class=\"wp-block-paragraph\"><strong>\u00a7 2<\/strong><\/p>\n\n\n\n<p class=\"wp-block-paragraph\"><strong>\u6570\u636e\u6536\u96c6\u7684\u76ee\u7684\u548c\u8303\u56f4<\/strong><\/p>\n\n\n\n<ol class=\"wp-block-list\">\n<li><strong>\u5904\u7406\u76ee\u7684\u548c\u6cd5\u5f8b\u4f9d\u636e\u3002.<\/strong> \u7ba1\u7406\u5458\u5728\u4e0b\u5217\u60c5\u51b5\u4e0b\u5904\u7406\u5e94\u7528\u7a0b\u5e8f\u670d\u52a1\u5bf9\u8c61\u7684\u4e2a\u4eba\u6570\u636e<ol><li>\u6839\u636e\u300a\u6761\u4f8b\u300b\u7b2c 6(1)(b)\u6761\uff08\u6839\u636e\u300a\u5e94\u7528\u6761\u4f8b\u300b\u5c65\u884c\u63d0\u4f9b\u7535\u5b50\u670d\u52a1\u7684\u534f\u8bae\uff09\uff0c\u6ce8\u518c\u8d26\u6237\u4ee5\u521b\u5efa\u548c\u7ba1\u7406\u4e2a\u4eba\u8d26\u6237\u3001,<\/li><\/ol><ol><li>\u6839\u636e\u300a\u6570\u5b57\u5185\u5bb9\u4fdd\u62a4\u6cd5\u300b\u7b2c 6(1)(b)\u6761\uff08\u534f\u8bae\u7684\u5c65\u884c\uff09\uff0c\u4e3a\u4e86\u5c65\u884c\u6570\u5b57\u5185\u5bb9\u4f9b\u5e94\u534f\u8bae\uff0c\u5728\u7533\u8bf7\u4e2d\u4e0b\u8fbe\u6307\u4ee4\u3001,<\/li><\/ol><ol><li>\u8ba2\u9605\u901a\u8baf\uff0c\u4ee5\u4fbf\u901a\u8fc7\u7535\u5b50\u65b9\u5f0f\u53d1\u9001\u5546\u4e1a\u4fe1\u606f\u3002\u6839\u636e\u300a\u4e2a\u4eba\u4fe1\u606f\u4fdd\u62a4\u6761\u4f8b\u300b\u7b2c 6(1)(a)\u6761\u7684\u89c4\u5b9a\uff0c\u4e2a\u4eba\u6570\u636e\u7684\u5904\u7406\u9700\u5f81\u5f97\u4e2a\u4eba\u540c\u610f\u3001,<\/li><\/ol>\n<ol class=\"wp-block-list\">\n<li>\u670d\u52a1\u63a5\u53d7\u65b9\u4f7f\u7528\u8ba1\u7b97\u8868\u683c\u7684\u76ee\u7684\u662f\u6839\u636e DPA \u7b2c 6(1)(b)\u6761\uff08\u534f\u8bae\u7684\u5c65\u884c\uff09\u5c65\u884c\u6570\u5b57\u670d\u52a1\u4ea4\u4ed8\u534f\u8bae\u3002.<\/li>\n<\/ol>\n<\/li>\n\n\n\n<li><strong>\u5904\u7406\u7684\u4e2a\u4eba\u6570\u636e\u7c7b\u578b\u3002.<\/strong> \u5728\u4e0b\u5217\u60c5\u51b5\u4e0b\uff0c\u5ba2\u6237\u5e94\u8bf4\u660e\uff1a<ol><li><strong>\u8d26\u6237<\/strong>: \u767b\u5f55\uff0c\u7535\u5b50\u90ae\u4ef6\u5730\u5740\u3001,<\/li><\/ol><ol><li><strong>\u91c7\u8d2d<\/strong>\u59d3\u540d\u3001\u589e\u503c\u7a0e\u53f7\u3001\u7535\u5b50\u90ae\u4ef6\u5730\u5740\u3001\u7535\u8bdd\u53f7\u7801\u3001,<\/li><\/ol><ol><li><strong>\u901a\u8baf<\/strong>\u7535\u5b50\u90ae\u4ef6\u5730\u5740\u3001,<\/li><\/ol>\n<ol class=\"wp-block-list\">\n<li><strong>\u8ba1\u7b97\u8868\u683c\uff1a<\/strong> \u59d3\u540d\u3001\u7535\u5b50\u90ae\u4ef6\u5730\u5740\u3002.<\/li>\n<\/ol>\n<\/li>\n\n\n\n<li><strong>\u4e2a\u4eba\u8d44\u6599\u7684\u5b58\u6863\u671f\u9650\u3002.<\/strong> \u5ba2\u6237\u7684\u4e2a\u4eba\u6570\u636e\u7531\u7ba1\u7406\u5458\u4fdd\u5b58\uff1a<ol><li>\u5982\u679c\u5904\u7406\u4ee5\u5c65\u884c\u5408\u540c\u4e3a\u57fa\u7840\uff0c\u5219\u5904\u7406\u671f\u9650\u4e3a\u5c65\u884c\u5408\u540c\u6240\u5fc5\u9700\u7684\u65f6\u95f4\uff0c\u6b64\u540e\u4e3a\u4e0e\u7d22\u8d54\u65f6\u6548\u76f8\u5e94\u7684\u65f6\u95f4\u3002\u9664\u975e\u53e6\u6709\u660e\u786e\u89c4\u5b9a\uff0c\u8bc9\u8bbc\u65f6\u6548\u671f\u9650\u5e94\u4e3a\u516d\u5e74\uff0c\u5bf9\u4e8e\u5b9a\u671f\u5c65\u884c\u7d22\u8d54\u548c\u4e0e\u4e1a\u52a1\u5f00\u5c55\u76f8\u5173\u7684\u7d22\u8d54\uff0c\u8bc9\u8bbc\u65f6\u6548\u671f\u9650\u5e94\u4e3a\u4e09\u5e74\u3001,<\/li><\/ol>\n<ol class=\"wp-block-list\">\n<li>\u5982\u679c\u6570\u636e\u5904\u7406\u7684\u4f9d\u636e\u662f\u540c\u610f\uff0c\u53ea\u8981\u540c\u610f\u672a\u88ab\u64a4\u9500\uff0c\u5728\u64a4\u9500\u540c\u610f\u540e\u7684\u4e00\u6bb5\u65f6\u671f\u5185\uff0c\u4e0e\u7ba1\u7406\u5458\u53ef\u80fd\u63d0\u51fa\u7684\u548c\u53ef\u80fd\u5bf9\u5176\u63d0\u51fa\u7684\u7d22\u8d54\u7684\u65f6\u6548\u671f\u76f8\u5bf9\u5e94\u3002\u9664\u975e\u5177\u4f53\u6761\u6b3e\u53e6\u6709\u89c4\u5b9a\uff0c\u8bc9\u8bbc\u65f6\u6548\u671f\u9650\u5e94\u4e3a\u516d\u5e74\uff0c\u5b9a\u671f\u6d25\u8d34\u7d22\u8d54\u548c\u4e0e\u5f00\u5c55\u5546\u4e1a\u6d3b\u52a8\u6709\u5173\u7684\u7d22\u8d54\u7684\u8bc9\u8bbc\u65f6\u6548\u671f\u9650\u5e94\u4e3a\u4e09\u5e74\u3002.<\/li>\n<\/ol>\n<\/li>\n\n\n\n<li>\u4f7f\u7528\u5e94\u7528\u7a0b\u5e8f\u65f6\uff0c\u53ef\u80fd\u4f1a\u6536\u96c6\u5176\u4ed6\u4fe1\u606f\uff0c\u7279\u522b\u662f\uff1a\u5206\u914d\u7ed9\u5ba2\u6237\u8ba1\u7b97\u673a\u7684 IP \u5730\u5740\u6216\u4e92\u8054\u7f51\u63d0\u4f9b\u5546\u7684\u5916\u90e8 IP \u5730\u5740\u3001\u57df\u540d\u3001\u6d4f\u89c8\u5668\u7c7b\u578b\u3001\u8bbf\u95ee\u65f6\u95f4\u3001\u64cd\u4f5c\u7cfb\u7edf\u7c7b\u578b\u3002.<\/li>\n\n\n\n<li>\u6839\u636e\u300a\u4e2a\u4eba\u4fe1\u606f\u4fdd\u62a4\u6761\u4f8b\u300b\u7b2c 6(1)(a)\u6761\u7684\u89c4\u5b9a\uff0c\u5728\u5ba2\u6237\u5355\u72ec\u540c\u610f\u7684\u60c5\u51b5\u4e0b\uff0c\u4e5f\u53ef\u4ee5\u4e3a\u901a\u8fc7\u7535\u5b50\u65b9\u5f0f\u53d1\u9001\u5546\u4e1a\u4fe1\u606f\u6216\u4e3a\u76f4\u9500\u76ee\u7684\u62e8\u6253\u7535\u8bdd\uff08\u5206\u522b\u4e0e 2002 \u5e74 7 \u6708 18 \u65e5\u5173\u4e8e\u901a\u8fc7\u7535\u5b50\u65b9\u5f0f\u63d0\u4f9b\u670d\u52a1\u7684\u6cd5\u6848\u7b2c 10(2)\u6761\u6216 2004 \u5e74 7 \u6708 16 \u65e5\u6cd5\u6848--\u300a\u7535\u4fe1\u6cd5\u300b\u7b2c 172(1)\u6761\u76f8\u5173\uff09\u7684\u76ee\u7684\u800c\u5bf9\u6570\u636e\u8fdb\u884c\u5904\u7406\uff0c\u5305\u62ec\u90a3\u4e9b\u56e0\u7279\u5f81\u5206\u6790\u800c\u5b9a\u5411\u5904\u7406\u7684\u6570\u636e\uff0c\u524d\u63d0\u662f\u5ba2\u6237\u5df2\u7ed9\u4e88\u9002\u5f53\u7684\u540c\u610f\u3002.<\/li>\n\n\n\n<li>\u8fd8\u53ef\u80fd\u4ece\u670d\u52a1\u63a5\u53d7\u8005\u5904\u6536\u96c6\u5bfc\u822a\u6570\u636e\uff0c\u5305\u62ec\u4ed6\u4eec\u9009\u62e9\u70b9\u51fb\u7684\u94fe\u63a5\u548c\u53c2\u8003\u4fe1\u606f\uff0c\u6216\u4ed6\u4eec\u5728\u5e94\u7528\u7a0b\u5e8f\u4e2d\u91c7\u53d6\u7684\u5176\u4ed6\u884c\u52a8\u3002\u6b64\u7c7b\u6d3b\u52a8\u7684\u6cd5\u5f8b\u4f9d\u636e\u662f\u7ba1\u7406\u5458\u7684\u5408\u6cd5\u6743\u76ca\uff08\u300a\u4e2a\u4eba\u4fe1\u606f\u4fdd\u62a4\u6761\u4f8b\u300b\u7b2c 6(1)(f)\u6761\uff09\uff0c\u5373\u4e3a\u4f7f\u7528\u7535\u5b50\u670d\u52a1\u63d0\u4f9b\u4fbf\u5229\u5e76\u6539\u5584\u6b64\u7c7b\u670d\u52a1\u7684\u529f\u80fd\u3002.<\/li>\n\n\n\n<li>\u5ba2\u6237\u81ea\u613f\u63d0\u4f9b\u4e2a\u4eba\u6570\u636e\u3002.<\/li>\n\n\n\n<li>\u63a7\u5236\u8005\u5e94\u7279\u522b\u6ce8\u610f\u4fdd\u62a4\u6570\u636e\u4e3b\u4f53\u7684\u5229\u76ca\uff0c\u5c24\u5176\u5e94\u786e\u4fdd\u5176\u6536\u96c6\u7684\u6570\u636e\u7b26\u5408\u4ee5\u4e0b\u6761\u4ef6<ol><li>\u4f9d\u6cd5\u5904\u7406\u3001,<\/li><\/ol><ol><li>\u4e3a\u6307\u5b9a\u7684\u5408\u6cd5\u76ee\u7684\u800c\u6536\u96c6\u7684\u4fe1\u606f\uff0c\u4e0d\u5f97\u8fdb\u884c\u4e0e\u8fd9\u4e9b\u76ee\u7684\u4e0d\u7b26\u7684\u8fdb\u4e00\u6b65\u5904\u7406\u3001,<\/li><\/ol>\n<ol class=\"wp-block-list\">\n<li>\u5c31\u5176\u5904\u7406\u76ee\u7684\u800c\u8a00\uff0c\u5b9e\u8d28\u4e0a\u662f\u6b63\u786e\u548c\u5145\u5206\u7684\uff0c\u5176\u4fdd\u5b58\u5f62\u5f0f\u5e94\u80fd\u8bc6\u522b\u6570\u636e\u4e3b\u4f53\uff0c\u4fdd\u5b58\u65f6\u95f4\u4e0d\u5f97\u8d85\u8fc7\u5b9e\u73b0\u5904\u7406\u76ee\u7684\u6240\u9700\u7684\u65f6\u95f4\u3002.<\/li>\n<\/ol>\n<\/li>\n<\/ol>\n\n\n\n<p class=\"wp-block-paragraph\"><em><strong>\u00a7 3<\/strong><\/em><\/p>\n\n\n\n<p class=\"wp-block-paragraph\"><em><strong>\u4e2a\u4eba\u8d44\u6599\u7684\u63a5\u6536\u8005<\/strong><\/em><\/p>\n\n\n\n<ol class=\"wp-block-list\">\n<li>\u670d\u52a1\u63a5\u53d7\u8005\u7684\u4e2a\u4eba\u6570\u636e\u4f1a\u88ab\u8f6c\u7ed9\u7ba1\u7406\u5458\u5728\u5e94\u7528\u7a0b\u5e8f\u8fd0\u884c\u8fc7\u7a0b\u4e2d\u4f7f\u7528\u7684\u670d\u52a1\u63d0\u4f9b\u5546\uff0c\u5c24\u5176\u662f\uff1a<ol><li>\u652f\u4ed8\u7cfb\u7edf\u4f9b\u5e94\u5546\u3001,<\/li><\/ol><ol><li>\u4f1a\u8ba1\u5ba4\u3001,<\/li><\/ol><ol><li>\u6258\u7ba1\u670d\u52a1\u63d0\u4f9b\u5546\u3001,<\/li><\/ol><ol><li>\u4e1a\u52a1\u8f85\u52a9\u8f6f\u4ef6\u4f9b\u5e94\u5546\u3001,<\/li><\/ol>\n<ol class=\"wp-block-list\">\n<li>\u8fd0\u884c\u5e94\u7528\u7a0b\u5e8f\u6240\u9700\u8f6f\u4ef6\u7684\u4f9b\u5e94\u5546\u3002.<\/li>\n<\/ol>\n<\/li>\n<\/ol>\n\n\n\n<ul class=\"wp-block-list\">\n<li>\u672c\u6bb5\u7b2c 1 \u70b9\u63d0\u53ca\u7684\u670d\u52a1\u63d0\u4f9b\u5546\uff0c\u6839\u636e\u5408\u540c\u5b89\u6392\u548c\u5177\u4f53\u60c5\u51b5\uff0c\u5728\u5904\u7406\u4e2a\u4eba\u8d44\u6599\u7684\u76ee\u7684\u548c\u65b9 \u5f0f\u4e0a\uff0c\u8981\u4e48\u670d\u4ece\u63a7\u5236\u8005\uff08\u5904\u7406\u8005\uff09\u7684\u6307\u793a\uff0c\u8981\u4e48\u81ea\u5df1\u51b3\u5b9a\u5904\u7406\u7684\u76ee\u7684\u548c\u65b9\u5f0f\uff08\u63a7\u5236\u8005\uff09\u3002.<\/li>\n\n\n\n<li>\u6839\u636e\u300a\u9690\u79c1\u653f\u7b56\u300b\u7b2c 5.5 \u6761\u7684\u89c4\u5b9a\uff0c\u670d\u52a1\u63a5\u53d7\u65b9\u7684\u4e2a\u4eba\u6570\u636e\u4ec5\u5b58\u50a8\u5728\u6b27\u6d32\u7ecf\u6d4e\u533a (EEA) \u5185\u3002.<\/li>\n<\/ul>\n\n\n\n<p class=\"wp-block-paragraph\"><strong>\u00a7 4<\/strong><\/p>\n\n\n\n<p class=\"wp-block-paragraph\"><strong>\u63a7\u5236\u3001\u67e5\u9605\u548c\u66f4\u6b63\u5176\u6570\u636e\u7684\u6743\u5229<\/strong><\/p>\n\n\n\n<ol class=\"wp-block-list\">\n<li>\u6570\u636e\u5f53\u4e8b\u4eba\u6709\u6743\u8bbf\u95ee\u5176\u4e2a\u4eba\u6570\u636e\u5185\u5bb9\uff0c\u6709\u6743\u8981\u6c42\u66f4\u6b63\u3001\u5220\u9664\u3001\u9650\u5236\u5904\u7406\u3001\u6570\u636e\u53ef\u79fb\u690d\u6027\u3001\u53cd\u5bf9\u3001\u968f\u65f6\u64a4\u9500\u540c\u610f\u7684\u6743\u5229\uff0c\u4e14\u4e0d\u5f71\u54cd\u64a4\u9500\u540c\u610f\u524d\u57fa\u4e8e\u540c\u610f\u8fdb\u884c\u7684\u5904\u7406\u7684\u5408\u6cd5\u6027\u3002\u670d\u52a1\u63a5\u6536\u65b9\u63d0\u51fa\u8981\u6c42\u7684\u6cd5\u5f8b\u4f9d\u636e\uff1a <ol><li><strong>\u8bbf\u95ee\u6570\u636e<\/strong> - \u7b2c 15 \u6761 RODO\u3001,<\/li><\/ol><ol><li><strong>\u6570\u636e\u66f4\u6b63<\/strong> - \u7b2c 16 \u6761 RODO\u3001,<\/li><\/ol><ol><li><strong>\u5220\u9664\u6570\u636e\uff08\u6240\u8c13\u7684\u88ab\u9057\u5fd8\u6743\uff09 <\/strong>- \u7b2c 17 \u6761 RODO\u3001,<\/li><\/ol><ol><li><strong>\u5904\u7406\u9650\u5236<\/strong> - \u7b2c 18 \u6761 RODO\u3001,<\/li><\/ol><ol><li><strong>\u6570\u636e\u4f20\u8f93 <\/strong>- \u7b2c 20 \u6761 RODO\u3001,<\/li><\/ol><ol><li><strong>\u53cd\u5bf9 <\/strong>- \u7b2c 21 \u6761 RODO\u3001,<\/li><\/ol>\n<ol class=\"wp-block-list\">\n<li><strong>\u64a4\u9500\u540c\u610f <\/strong>- \u7b2c 7(3)\u6761 \u300a\u6d77\u6d0b\u6cd5\u516c\u7ea6\u300b\u3002.<\/li>\n<\/ol>\n<\/li>\n\n\n\n<li>\u4e3a\u884c\u4f7f\u7b2c 2 \u70b9\u6240\u8ff0\u6743\u5229\uff0c\u60a8\u53ef\u5c06\u76f8\u5173\u7535\u5b50\u90ae\u4ef6\u53d1\u9001\u81f3<strong> solveredu@solveredu.com<\/strong><\/li>\n\n\n\n<li>\u5982\u679c\u5ba2\u6237\u6839\u636e\u4e0a\u8ff0\u6743\u5229\u63d0\u51fa\u8981\u6c42\uff0c\u7ba1\u7406\u5458\u5e94\u7acb\u5373\u6ee1\u8db3\u8981\u6c42\u6216\u62d2\u7edd\u6ee1\u8db3\u8981\u6c42\uff0c\u4f46\u4e0d\u5f97\u8fdf\u4e8e\u6536\u5230\u8981\u6c42\u540e\u4e00\u4e2a\u6708\u5185\u3002\u4f46\u662f\uff0c\u5982\u679c\u7531\u4e8e\u8bf7\u6c42\u7684\u590d\u6742\u6027\u6216\u8bf7\u6c42\u7684\u6570\u91cf\uff0c\u7ba1\u7406\u5458\u65e0\u6cd5\u5728\u4e00\u4e2a\u6708\u5185\u6ee1\u8db3\u8bf7\u6c42\uff0c\u5219\u7ba1\u7406\u5458\u5e94\u5728\u5176\u540e\u7684\u4e24\u4e2a\u6708\u5185\u6ee1\u8db3\u8bf7\u6c42\uff0c\u5e76\u5728\u6536\u5230\u8bf7\u6c42\u540e\u4e00\u4e2a\u6708\u5185\u63d0\u524d\u901a\u77e5\u670d\u52a1\u63a5\u53d7\u65b9\u6253\u7b97\u5ef6\u957f\u7684\u671f\u9650\u53ca\u5176\u7406\u7531\u3002.<\/li>\n\n\n\n<li>\u5982\u679c\u786e\u5b9a\u5bf9\u4e2a\u4eba\u6570\u636e\u7684\u5904\u7406\u8fdd\u53cd\u4e86\u300a\u4e2a\u4eba\u4fe1\u606f\u4fdd\u62a4\u6761\u4f8b\u300b\u7684\u89c4\u5b9a\uff0c\u6570\u636e\u5f53\u4e8b\u4eba\u6709\u6743\u5411\u6570\u636e\u4fdd\u62a4\u5c40\u4e3b\u5e2d\u63d0\u51fa\u7533\u8bc9\u3002.<\/li>\n<\/ol>\n\n\n\n<p class=\"wp-block-paragraph\"><strong>&nbsp;\u00a7 5<\/strong><\/p>\n\n\n\n<p class=\"wp-block-paragraph\"><strong>\u997c\u5e72\u201e<\/strong><strong><\/strong><\/p>\n\n\n\n<ol class=\"wp-block-list\">\n<li>\u7ba1\u7406\u5458\u5e94\u7528\u7a0b\u5e8f\u4f7f\u7528\u6587\u4ef6\u201e<em>\u997c\u5e72\u201d<\/em>.<\/li>\n\n\n\n<li>\u5b89\u88c5\u6587\u4ef6\u201e<em>\u997c\u5e72<\/em>\u201d\u662f\u6b63\u786e\u63d0\u4f9b\u5e94\u7528\u7a0b\u5e8f\u670d\u52a1\u6240\u5fc5\u9700\u7684\u3002\u5728\u6587\u4ef6\u201e<em>\u997c\u5e72<\/em>\u201d\u5305\u542b\u5e94\u7528\u7a0b\u5e8f\u6b63\u5e38\u8fd0\u884c\u6240\u9700\u7684\u4fe1\u606f\uff0c\u4e5f\u63d0\u4f9b\u4e86\u5bf9\u8bbf\u95ee\u60c5\u51b5\u8fdb\u884c\u603b\u4f53\u7edf\u8ba1\u7684\u673a\u4f1a\u3002.<\/li>\n\n\n\n<li>\u5e94\u7528\u7a0b\u5e8f\u4f7f\u7528\u4e24\u79cd\u7c7b\u578b\u7684\u6587\u4ef6\u201e<em>\u997c\u5e72<\/em>\u201d:\u201e\u57fa\u4e8e\u4f1a\u8bdd \u201d\u548c \u201e\u6c38\u4e45\u201d\u3002.<ol><li>\u201e<em>\u997c\u5e72<\/em>\u201d\u4f1a\u8bdd \u201e\u6587\u4ef6\u662f\u5b58\u50a8\u5728\u670d\u52a1\u63a5\u53d7\u8005\u7ec8\u7aef\u8bbe\u5907\u4e0a\u7684\u4e34\u65f6\u6587\u4ef6\uff0c\u76f4\u5230\u4ed6\u4eec\u6ce8\u9500\uff08\u79bb\u5f00\u5e94\u7528\u7a0b\u5e8f\uff09\u3001,<\/li><\/ol>\n<ol class=\"wp-block-list\">\n<li>\u201e\u6c38\u4e45 \u201d\u6587\u4ef6\u201e<em>\u997c\u5e72<\/em>\u201d\u5728\u6587\u4ef6\u53c2\u6570\u201e \"\u4e2d\u6307\u5b9a\u7684\u65f6\u95f4\u5185\uff0c\u6536\u4ef6\u4eba\u7684\u7ec8\u7aef\u8bbe\u5907\u4e0a\u4f1a\u5b58\u50a8\"......\"\u3002\u201e<em>\u997c\u5e72<\/em>\u201d\u6216\u76f4\u81f3\u5ba2\u6237\u5c06\u5176\u79fb\u9664\u3002.<\/li>\n<\/ol>\n<\/li>\n\n\n\n<li>\u7ba1\u7406\u5458\u4f7f\u7528\u81ea\u5df1\u7684 cookies \u6765\u66f4\u597d\u5730\u4e86\u89e3\u670d\u52a1\u63a5\u6536\u65b9\u5982\u4f55\u4e0e\u5e94\u7528\u7a0b\u5e8f\u7684\u5185\u5bb9\u8fdb\u884c\u4ea4\u4e92\u3002Cookies \u6536\u96c6\u7684\u4fe1\u606f\u5305\u62ec\u670d\u52a1\u63a5\u53d7\u8005\u5982\u4f55\u4f7f\u7528\u5e94\u7528\u7a0b\u5e8f\u3001\u670d\u52a1\u63a5\u53d7\u8005\u88ab\u8f6c\u5230\u7684\u9875\u9762\u7c7b\u578b\u4ee5\u53ca\u670d\u52a1\u63a5\u53d7\u8005\u8bbf\u95ee\u5e94\u7528\u7a0b\u5e8f\u7684\u6b21\u6570\u548c\u65f6\u95f4\u3002\u8fd9\u4e9b\u4fe1\u606f\u4e0d\u4f1a\u8bb0\u5f55\u670d\u52a1\u63a5\u53d7\u8005\u7684\u5177\u4f53\u4e2a\u4eba\u6570\u636e\uff0c\u4f46\u7528\u4e8e\u6c47\u7f16\u5e94\u7528\u7a0b\u5e8f\u4f7f\u7528\u60c5\u51b5\u7684\u7edf\u8ba1\u6570\u636e\u3002.<\/li>\n\n\n\n<li>\u7ba1\u7406\u5458\u4f7f\u7528\u5916\u90e8 Cookie\uff0c\u901a\u8fc7\u5206\u6790\u5de5\u5177 Google Analytics\uff08\u5916\u90e8 Cookie \u7ba1\u7406\u5668\uff1a\u4f4d\u4e8e\u7f8e\u56fd\u7684 Google LLC\uff09\u6536\u96c6\u4e00\u822c\u548c\u533f\u540d\u7edf\u8ba1\u6570\u636e\u3002.<\/li>\n\n\n\n<li>\u5e7f\u544a\u7f51\u7edc\uff08\u5c24\u5176\u662f\u8c37\u6b4c\u7f51\u7edc\uff09\u4e5f\u53ef\u80fd\u4f7f\u7528 Cookie\uff0c\u4ee5\u4fbf\u6839\u636e\u670d\u52a1\u63a5\u53d7\u8005\u4f7f\u7528\u5e94\u7528\u7a0b\u5e8f\u7684\u65b9\u5f0f\u663e\u793a\u5e7f\u544a\u3002\u4e3a\u6b64\uff0c\u5b83\u4eec\u53ef\u80fd\u4f1a\u4fdd\u7559\u6709\u5173\u670d\u52a1\u63a5\u53d7\u8005\u7684\u5bfc\u822a\u8def\u5f84\u6216\u5728\u5e94\u7528\u7a0b\u5e8f\u4e2d\u82b1\u8d39\u7684\u65f6\u95f4\u7684\u4fe1\u606f\u3002.<\/li>\n\n\n\n<li>\u5ba2\u6237\u6709\u6743\u51b3\u5b9a\u6587\u4ef6\u7684\u8bbf\u95ee\u6743\u9650\u201e<em>\u997c\u5e72<\/em>\u201d\u901a\u8fc7\u66f4\u6539\u6d4f\u89c8\u5668\u7a97\u53e3\u4e2d\u7684\u8bbe\u7f6e\uff0c\u53ef\u5c06\u201e...... \"\u4f20\u8f93\u5230\u60a8\u7684\u8ba1\u7b97\u673a\u3002  \u5173\u4e8e\u6587\u4ef6\" \"\u7684\u53ef\u80fd\u6027\u548c\u5904\u7406\u65b9\u6cd5\u7684\u8be6\u7ec6\u4fe1\u606f\u201e<em>\u997c\u5e72<\/em>\u201d\u4e5f\u53ef\u5728\u8f6f\u4ef6\uff08\u6d4f\u89c8\u5668\uff09\u8bbe\u7f6e\u4e2d\u627e\u5230\u3002.<\/li>\n<\/ol>\n\n\n\n<p class=\"wp-block-paragraph\"><strong>\u00a7 6<\/strong><\/p>\n\n\n\n<p class=\"wp-block-paragraph\"><strong>\u4e0e\u7528\u6237\u5728\u5e94\u7528\u7a0b\u5e8f\u4e2d\u7684\u6d3b\u52a8\u76f8\u5173\u8054\u7684\u9644\u52a0\u670d\u52a1<\/strong><\/p>\n\n\n\n<ol class=\"wp-block-list\">\n<li>\u672c\u5e94\u7528\u7a0b\u5e8f\u4f7f\u7528\u793e\u4ea4\u7f51\u7edc\u7684\u6240\u8c13\u793e\u4ea4\u63d2\u4ef6\uff08\u201e\u63d2\u4ef6\u201c\uff09\u3002\u901a\u8fc7\u663e\u793a\u5305\u542b\u6b64\u7c7b\u63d2\u4ef6\u7684\u5e94\u7528\u7a0b\u5e8f\uff0c\u670d\u52a1\u63a5\u6536\u65b9\u7684\u6d4f\u89c8\u5668\u5c06\u4e0e\u8c37\u6b4c\u670d\u52a1\u5668\u5efa\u7acb\u76f4\u63a5\u8fde\u63a5\u3002.<\/li>\n\n\n\n<li>\u63d2\u4ef6\u5185\u5bb9\u7531\u76f8\u5e94\u7684\u670d\u52a1\u63d0\u4f9b\u5546\u76f4\u63a5\u4f20\u8f93\u5230\u5ba2\u6237\u7684\u6d4f\u89c8\u5668\uff0c\u5e76\u96c6\u6210\u5230\u5e94\u7528\u7a0b\u5e8f\u4e2d\u3002\u901a\u8fc7\u8fd9\u79cd\u96c6\u6210\uff0c\u670d\u52a1\u63d0\u4f9b\u5546\u4f1a\u6536\u5230\u5ba2\u6237\u6d4f\u89c8\u5668\u5df2\u6d4f\u89c8\u5e94\u7528\u7a0b\u5e8f\u7684\u4fe1\u606f\uff0c\u5373\u4f7f\u5ba2\u6237\u672a\u5728\u670d\u52a1\u63d0\u4f9b\u5546\u5904\u5efa\u7acb\u4e2a\u4eba\u8d44\u6599\u6216\u5f53\u524d\u672a\u767b\u5f55\u670d\u52a1\u63d0\u4f9b\u5546\u3002\u8fd9\u4e9b\u4fe1\u606f\uff08\u5305\u62ec\u5ba2\u6237\u7684 IP \u5730\u5740\uff09\u7531\u6d4f\u89c8\u5668\u76f4\u63a5\u53d1\u9001\u81f3\u670d\u52a1\u63d0\u4f9b\u5546\u7684\u670d\u52a1\u5668\uff08\u90e8\u5206\u670d\u52a1\u5668\u4f4d\u4e8e\u7f8e\u56fd\uff09\u5e76\u5b58\u50a8\u5728\u90a3\u91cc\u3002.<\/li>\n\n\n\n<li>\u5982\u679c\u5ba2\u6237\u767b\u5f55\u4e86\u4e0a\u8ff0\u793e\u4ea4\u7f51\u7edc\uff0c\u670d\u52a1\u63d0\u4f9b\u5546\u5c06\u80fd\u591f\u76f4\u63a5\u5c06\u5bf9\u5e94\u7528\u7a0b\u5e8f\u7684\u8bbf\u95ee\u4e0e\u5ba2\u6237\u5728\u76f8\u5173\u793e\u4ea4\u7f51\u7edc\u4e0a\u7684\u4e2a\u4eba\u8d44\u6599\u8054\u7cfb\u8d77\u6765\u3002.<\/li>\n\n\n\n<li>\u5982\u679c\u7528\u6237\u4f7f\u7528\u63d2\u4ef6\uff0c\u4f8b\u5982\u70b9\u51fb \u201e\u8d5e \u201d\u6309\u94ae\u6216 \u201e\u5206\u4eab \u201d\u6309\u94ae\uff0c\u76f8\u5e94\u7684\u4fe1\u606f\u4e5f\u5c06\u76f4\u63a5\u53d1\u9001\u5230\u76f8\u5e94\u670d\u52a1\u63d0\u4f9b\u5546\u7684\u670d\u52a1\u5668\u5e76\u5b58\u50a8\u5728\u90a3\u91cc\u3002.<\/li>\n\n\n\n<li>\u670d\u52a1\u63d0\u4f9b\u5546\u6536\u96c6\u6570\u636e\u7684\u76ee\u7684\u548c\u8303\u56f4\u3001\u5bf9\u6570\u636e\u7684\u8fdb\u4e00\u6b65\u5904\u7406\u548c\u4f7f\u7528\u3001\u8054\u7cfb\u7684\u53ef\u80fd\u6027\u3001\u670d\u52a1\u63a5\u53d7\u8005\u5728\u8fd9\u65b9\u9762\u7684\u6743\u5229\u4ee5\u53ca\u8fdb\u884c\u8bbe\u7f6e\u4ee5\u786e\u4fdd\u4fdd\u62a4\u670d\u52a1\u63a5\u53d7\u8005\u9690\u79c1\u7684\u53ef\u80fd\u6027\uff0c\u5747\u5728\u670d\u52a1\u63d0\u4f9b\u5546\u7684\u9690\u79c1\u653f\u7b56\u4e2d\u8bf4\u660e\uff1a <a href=\"https:\/\/policies.google.com\/privacy?hl=pl&amp;gl=ZZ\" target=\"_blank\" rel=\"noopener\"><em>https:\/\/policies.google.com\/privacy?hl=pl&amp;gl=ZZ<\/em><\/a><em>.<\/em><\/li>\n\n\n\n<li>\u5982\u679c\u7528\u6237\u4e0d\u5e0c\u671b\u793e\u4ea4\u7f51\u7edc\u5c06\u5176\u8bbf\u95ee\u5e94\u7528\u7a0b\u5e8f\u65f6\u6536\u96c6\u7684\u6570\u636e\u76f4\u63a5\u4e0e\u4ed6\/\u5979\u5728\u76f8\u5173\u7f51\u7ad9\u4e0a\u7684\u4e2a\u4eba\u8d44\u6599\u76f8\u5173\u8054\uff0c\u5219\u5fc5\u987b\u5728\u8bbf\u95ee\u5e94\u7528\u7a0b\u5e8f\u524d\u6ce8\u9500\u8be5\u7f51\u7ad9\u3002\u7528\u6237\u4e5f\u53ef\u4ee5\u901a\u8fc7\u4f7f\u7528\u9002\u5f53\u7684\u6d4f\u89c8\u5668\u6269\u5c55\u7a0b\u5e8f\uff08\u5982\u4f7f\u7528 \u201eNoScript \u201c\u963b\u6b62\u811a\u672c\uff09\u6765\u963b\u6b62\u63d2\u4ef6\u5728\u5e94\u7528\u7a0b\u5e8f\u4e2d\u52a0\u8f7d\u3002.<\/li>\n\n\n\n<li>\u6211\u4eec\u4e0e Microsoft Clarity \u548c Microsoft Advertising \u5408\u4f5c\uff0c\u4f7f\u7528\u884c\u4e3a\u6307\u6807\u3001\u70ed\u56fe\u548c\u4f1a\u8bdd\u91cd\u64ad\u6765\u8bb0\u5f55\u60a8\u5982\u4f55\u4f7f\u7528\u6211\u4eec\u7684\u7f51\u7ad9\u5e76\u4e0e\u4e4b\u4e92\u52a8\uff0c\u4ee5\u5e2e\u52a9\u6211\u4eec\u6539\u8fdb\u548c\u63a8\u5e7f\u6211\u4eec\u7684\u4ea7\u54c1\/\u670d\u52a1\u3002\u6211\u4eec\u4f7f\u7528\u7b2c\u4e00\u65b9\u548c\u7b2c\u4e09\u65b9 cookie \u53ca\u5176\u4ed6\u8ddf\u8e2a\u6280\u672f\u6536\u96c6\u7f51\u7ad9\u4f7f\u7528\u6570\u636e\uff0c\u4ee5\u786e\u5b9a\u4ea7\u54c1\/\u670d\u52a1\u7684\u53d7\u6b22\u8fce\u7a0b\u5ea6\u548c\u5728\u7ebf\u6d3b\u52a8\u3002\u6b64\u5916\uff0c\u6211\u4eec\u8fd8\u5c06\u8fd9\u4e9b\u4fe1\u606f\u7528\u4e8e\u7f51\u7ad9\u4f18\u5316\u3001\u5b89\u5168\u76ee\u7684\u548c\u5e7f\u544a\u3002\u8981\u4e86\u89e3\u6709\u5173 Microsoft \u5982\u4f55\u6536\u96c6\u548c\u4f7f\u7528\u60a8\u7684\u6570\u636e\u7684\u66f4\u591a\u4fe1\u606f\uff0c\u8bf7\u8bbf\u95ee <a>\u58f0\u660e <\/a><a>\u5fae\u8f6f\u9690\u79c1\u5b98<\/a>.<\/li>\n<\/ol>\n\n\n\n<p class=\"wp-block-paragraph\"><strong>\u00a7 7<\/strong><\/p>\n\n\n\n<p class=\"wp-block-paragraph\"><strong>\u6700\u540e\u6761\u6b3e<\/strong><\/p>\n\n\n\n<p class=\"wp-block-paragraph\">\u5bf9\u4e8e\u672c\u9690\u79c1\u653f\u7b56\u672a\u6d89\u53ca\u7684\u4e8b\u9879\uff0c\u5e94\u9002\u7528\u300a\u6ce2\u5170\u5171\u548c\u56fd\u6c11\u6cd5\u5178\u300b\u7684\u89c4\u5b9a\u548c\u6ce2\u5170\u6cd5\u5f8b\u7684\u5176\u4ed6\u76f8\u5173\u89c4\u5b9a\u3002.<\/p>\n\n\n\n<p class=\"wp-block-paragraph\">\u63a7\u5236\u8005\u5e94\u91c7\u53d6\u6280\u672f\u548c\u7ec4\u7ec7\u63aa\u65bd\uff0c\u786e\u4fdd\u6240\u5904\u7406\u7684\u4e2a\u4eba\u6570\u636e\u5f97\u5230\u4e0e\u98ce\u9669\u548c\u53d7\u4fdd\u62a4\u6570\u636e\u7c7b\u522b\u76f8\u9002\u5e94\u7684\u4fdd\u62a4\uff0c\u7279\u522b\u662f\u4fdd\u62a4\u6570\u636e\u4e0d\u88ab\u672a\u7ecf\u6388\u6743\u7684\u4eba\u5458\u8bbf\u95ee\u3001\u4e0d\u88ab\u672a\u7ecf\u6388\u6743\u7684\u4eba\u5458\u83b7\u53d6\u3001\u4e0d\u88ab\u8fdd\u53cd\u9002\u7528\u6cd5\u89c4\u5904\u7406\uff0c\u4ee5\u53ca\u4e0d\u88ab\u7be1\u6539\u3001\u4e22\u5931\u3001\u635f\u574f\u6216\u9500\u6bc1\u3002.<\/p>\n\n\n\n<p class=\"wp-block-paragraph\">\u7ba1\u7406\u5458\u5e94\u91c7\u53d6\u9002\u5f53\u7684\u6280\u672f\u63aa\u65bd\uff0c\u9632\u6b62\u672a\u7ecf\u6388\u6743\u8005\u83b7\u53d6\u548c\u4fee\u6539\u4ee5\u7535\u5b50\u65b9\u5f0f\u53d1\u9001\u7684\u4e2a\u4eba\u6570\u636e\u3002.<\/p>","protected":false},"excerpt":{"rendered":"<p>POLITYKA PRYWATNO\u015aCI APLIKACJI INTERNETOWEJ SOLVEREDU.COM \u00a7 1 POSTANOWIENIA OG\u00d3LNE \u00a7 2 CEL I ZAKRES ZBIERANIA DANYCH \u00a7 3 ODBIORCY DANYCH OSOBOWYCH \u00a7 4 PRAWO KONTROLI, DOST\u0118PU DO TRE\u015aCI SWOICH DANYCH ORAZ ICH POPRAWIANIA &nbsp;\u00a7 5 PLIKI &#8222;COOKIES&#8221; \u00a7 6 US\u0141UGI DODATKOWE ZWI\u0104ZANE Z AKTYWNO\u015aCI\u0104 U\u017bYTKOWNIKA W APLIKACJI \u00a7 7 POSTANOWIENIA KO\u0143COWE W sprawach nieuregulowanych niniejsz\u0105 [&hellip;]<\/p>\n","protected":false},"author":255930052,"featured_media":0,"parent":0,"menu_order":0,"comment_status":"closed","ping_status":"closed","template":"","meta":{"_crdt_document":"","jetpack_post_was_ever_published":false,"footnotes":""},"class_list":["post-2142","page","type-page","status-publish","hentry"],"jetpack_shortlink":"https:\/\/wp.me\/Pg3flK-yy","jetpack-related-posts":[],"jetpack_sharing_enabled":true,"_links":{"self":[{"href":"https:\/\/solveredu.com\/zh\/wp-json\/wp\/v2\/pages\/2142","targetHints":{"allow":["GET"]}}],"collection":[{"href":"https:\/\/solveredu.com\/zh\/wp-json\/wp\/v2\/pages"}],"about":[{"href":"https:\/\/solveredu.com\/zh\/wp-json\/wp\/v2\/types\/page"}],"author":[{"embeddable":true,"href":"https:\/\/solveredu.com\/zh\/wp-json\/wp\/v2\/users\/255930052"}],"replies":[{"embeddable":true,"href":"https:\/\/solveredu.com\/zh\/wp-json\/wp\/v2\/comments?post=2142"}],"version-history":[{"count":7,"href":"https:\/\/solveredu.com\/zh\/wp-json\/wp\/v2\/pages\/2142\/revisions"}],"predecessor-version":[{"id":2910,"href":"https:\/\/solveredu.com\/zh\/wp-json\/wp\/v2\/pages\/2142\/revisions\/2910"}],"wp:attachment":[{"href":"https:\/\/solveredu.com\/zh\/wp-json\/wp\/v2\/media?parent=2142"}],"curies":[{"name":"wp","href":"https:\/\/api.w.org\/{rel}","templated":true}]}}