{"id":2142,"date":"2025-03-25T22:59:30","date_gmt":"2025-03-25T21:59:30","guid":{"rendered":"https:\/\/solveredu.com\/?page_id=2142"},"modified":"2025-10-15T01:09:37","modified_gmt":"2025-10-14T23:09:37","slug":"privacy_policy","status":"publish","type":"page","link":"https:\/\/solveredu.com\/es\/privacy_policy\/","title":{"rendered":"Pol\u00edtica de privacidad"},"content":{"rendered":"<h2 class=\"wp-block-heading has-medium-font-size\"><strong>POL\u00cdTICA DE PRIVACIDAD DE LAS APLICACIONES WEB<\/strong><\/h2>\n\n\n\n<p class=\"has-medium-font-size wp-block-paragraph\"><strong>SOLVEREDU.COM<\/strong><\/p>\n\n\n\n<p class=\"wp-block-paragraph\"><strong>\u00a7 1<\/strong><\/p>\n\n\n\n<p class=\"wp-block-paragraph\"><strong>DISPOSICIONES GENERALES<\/strong><\/p>\n\n\n\n<ol class=\"wp-block-list\">\n<li>El Administrador de los datos personales recogidos a trav\u00e9s de la Aplicaci\u00f3n es Solveredu sp. z o.o. con domicilio social en Wroc\u0142aw, ul. Zdrowa 22\/7a, 53-511 Wroc\u0142aw, inscrita en el Registro Judicial Nacional con el n\u00famero KRS 0001157555, NIP: 8971949662, REGON: 541013535, direcci\u00f3n de correo electr\u00f3nico (e-mail): solveredu@solveredu.com, n\u00famero de tel\u00e9fono: +48 508 203 666, en lo sucesivo denominado el \"Administrador\" y siendo al mismo tiempo el \"Proveedor de Servicios\".<\/li>\n\n\n\n<li>Los datos personales recogidos por el Administrador a trav\u00e9s de la Solicitud se tratan de conformidad con el Reglamento (UE) 2016\/679 del Parlamento Europeo y del Consejo, de 27 de abril de 2016, relativo a la protecci\u00f3n de las personas f\u00edsicas en lo que respecta al tratamiento de datos personales y a la libre circulaci\u00f3n de estos datos y por el que se deroga la Directiva 95\/46\/CE (Reglamento general de protecci\u00f3n de datos), en lo sucesivo el <strong>RODO <\/strong>y la Ley de Derechos de los Consumidores de 30 de mayo de 2014 y la Ley de Derechos de los Consumidores de 30 de mayo de 2014.<\/li>\n\n\n\n<li>Cualquier palabra o expresi\u00f3n que aparezca en may\u00fasculas en el cuerpo de esta Pol\u00edtica de Privacidad se interpretar\u00e1 tal y como se define en los T\u00e9rminos y Condiciones de la Aplicaci\u00f3n.<\/li>\n<\/ol>\n\n\n\n<p class=\"wp-block-paragraph\"><strong>\u00a7 2<\/strong><\/p>\n\n\n\n<p class=\"wp-block-paragraph\"><strong>FINALIDAD Y ALCANCE DE LA RECOGIDA DE DATOS<\/strong><\/p>\n\n\n\n<ol class=\"wp-block-list\">\n<li><strong>FINALIDAD DEL TRATAMIENTO Y FUNDAMENTO JUR\u00cdDICO.<\/strong> El Administrador trata los datos personales de los Destinatarios de Servicios de la Aplicaci\u00f3n en caso de:<ol><li>el registro de una Cuenta con el fin de crear y gestionar una cuenta individual, sobre la base del art\u00edculo 6(1)(b) del RODO (ejecuci\u00f3n de un acuerdo para la prestaci\u00f3n de servicios electr\u00f3nicos de conformidad con el Reglamento de aplicaci\u00f3n),<\/li><\/ol><ol><li>la presentaci\u00f3n de una Orden en la Solicitud con el fin de ejecutar el Acuerdo de Suministro de Contenidos Digitales sobre la base del art\u00edculo 6(1)(b) de la DPA (ejecuci\u00f3n del Acuerdo),<\/li><\/ol><ol><li>suscribirse al Bolet\u00edn para el env\u00edo de informaci\u00f3n comercial por v\u00eda electr\u00f3nica. Los datos personales se tratan previo consentimiento por separado, sobre la base del art\u00edculo 6, apartado 1, letra a), del RDO,<\/li><\/ol>\n<ol class=\"wp-block-list\">\n<li>el uso del formulario de c\u00e1lculo por parte del destinatario del servicio, con el fin de ejecutar el acuerdo de prestaci\u00f3n de servicios digitales sobre la base del art\u00edculo 6, apartado 1, letra b), del APD (ejecuci\u00f3n del acuerdo).<\/li>\n<\/ol>\n<\/li>\n\n\n\n<li><strong>EL TIPO DE DATOS PERSONALES TRATADOS.<\/strong> El cliente deber\u00e1 especificar, en el caso de:<ol><li><strong>Cuentas<\/strong>: login, direcci\u00f3n de correo electr\u00f3nico,<\/li><\/ol><ol><li><strong>Adquisiciones<\/strong>nombre, n\u00famero de IVA, direcci\u00f3n de correo electr\u00f3nico y n\u00famero de tel\u00e9fono,<\/li><\/ol><ol><li><strong>Bolet\u00edn<\/strong>Direcci\u00f3n de correo electr\u00f3nico,<\/li><\/ol>\n<ol class=\"wp-block-list\">\n<li><strong>Forma de c\u00e1lculo:<\/strong> nombre, direcci\u00f3n de correo electr\u00f3nico.<\/li>\n<\/ol>\n<\/li>\n\n\n\n<li><strong>PERIODO DE ARCHIVO DE LOS DATOS PERSONALES.<\/strong> Los datos personales de los clientes son almacenados por el Administrador:<ol><li>cuando el tratamiento se base en la ejecuci\u00f3n de un contrato, durante el tiempo que sea necesario para la ejecuci\u00f3n del contrato y, posteriormente, durante un plazo correspondiente al plazo de prescripci\u00f3n de las reclamaciones. Salvo disposici\u00f3n espec\u00edfica en contrario, el plazo de prescripci\u00f3n ser\u00e1 de seis a\u00f1os, y de tres a\u00f1os para las reclamaciones de ejecuci\u00f3n peri\u00f3dica y las reclamaciones relacionadas con el ejercicio de la actividad empresarial,<\/li><\/ol>\n<ol class=\"wp-block-list\">\n<li>cuando la base del tratamiento de datos sea el consentimiento, mientras \u00e9ste no sea revocado, y tras la revocaci\u00f3n del consentimiento, durante un plazo correspondiente al plazo de prescripci\u00f3n de las reclamaciones que el administrador pueda plantear y que puedan plantearse contra \u00e9l. Salvo que una disposici\u00f3n espec\u00edfica disponga lo contrario, el plazo de prescripci\u00f3n ser\u00e1 de seis a\u00f1os, y para las reclamaciones de prestaciones peri\u00f3dicas y las reclamaciones relacionadas con el ejercicio de la actividad empresarial, de tres a\u00f1os.<\/li>\n<\/ol>\n<\/li>\n\n\n\n<li>Al utilizar la Aplicaci\u00f3n, puede recopilarse informaci\u00f3n adicional, en particular: la direcci\u00f3n IP asignada al ordenador del Cliente o la direcci\u00f3n IP externa del proveedor de Internet, el nombre de dominio, el tipo de navegador, la hora de acceso y el tipo de sistema operativo.<\/li>\n\n\n\n<li>Previo consentimiento por separado, de conformidad con el Art\u00edculo 6(1)(a) RODO, los datos tambi\u00e9n pueden ser procesados con el fin de enviar informaci\u00f3n comercial por medios electr\u00f3nicos o realizar llamadas telef\u00f3nicas con fines de marketing directo - respectivamente en relaci\u00f3n con el Art\u00edculo 10(2) de la Ley de 18 de julio de 2002 sobre la prestaci\u00f3n de servicios por medios electr\u00f3nicos o el Art\u00edculo 172(1) de la Ley de 16 de julio de 2004 - Ley de Telecomunicaciones, incluyendo aquellos dirigidos como resultado de la elaboraci\u00f3n de perfiles, siempre que el Cliente haya dado el consentimiento correspondiente.<\/li>\n\n\n\n<li>Tambi\u00e9n pueden recopilarse datos de navegaci\u00f3n de los Destinatarios del Servicio, incluida informaci\u00f3n sobre los enlaces y referencias en los que deciden hacer clic u otras acciones que realicen en la Aplicaci\u00f3n. La base jur\u00eddica de dichas actividades es el inter\u00e9s leg\u00edtimo del Administrador (art\u00edculo 6, apartado 1, letra f) RODO) en facilitar el uso de los servicios prestados por v\u00eda electr\u00f3nica y mejorar la funcionalidad de dichos servicios.<\/li>\n\n\n\n<li>El suministro de datos personales por parte del Cliente es voluntario.<\/li>\n\n\n\n<li>El responsable del tratamiento pondr\u00e1 especial cuidado en proteger los intereses de los interesados y, en particular, velar\u00e1 por que los datos que recopile sean:<ol><li>tratados de conformidad con la ley,<\/li><\/ol><ol><li>recogidos con fines determinados y leg\u00edtimos y no sometidos a un tratamiento posterior incompatible con dichos fines,<\/li><\/ol>\n<ol class=\"wp-block-list\">\n<li>Son sustancialmente correctos y adecuados en relaci\u00f3n con los fines para los que se tratan y se conservan en una forma que permite la identificaci\u00f3n de los interesados durante un per\u00edodo no superior al necesario para alcanzar los fines del tratamiento.<\/li>\n<\/ol>\n<\/li>\n<\/ol>\n\n\n\n<p class=\"wp-block-paragraph\"><em><strong>\u00a7 3<\/strong><\/em><\/p>\n\n\n\n<p class=\"wp-block-paragraph\"><em><strong>DESTINATARIOS DE LOS DATOS PERSONALES<\/strong><\/em><\/p>\n\n\n\n<ol class=\"wp-block-list\">\n<li>Los datos personales de los Destinatarios del Servicio se transfieren a los proveedores de servicios utilizados por el Administrador en el funcionamiento de la Aplicaci\u00f3n, en particular:<ol><li>proveedores de sistemas de pago,<\/li><\/ol><ol><li>oficina de contabilidad,<\/li><\/ol><ol><li>Proveedores de alojamiento,<\/li><\/ol><ol><li>proveedor de software empresarial,<\/li><\/ol>\n<ol class=\"wp-block-list\">\n<li>proveedor del software necesario para ejecutar la Aplicaci\u00f3n.<\/li>\n<\/ol>\n<\/li>\n<\/ol>\n\n\n\n<ul class=\"wp-block-list\">\n<li>Los proveedores de servicios a que se refiere el punto 1 del presente apartado, a los que se transfieren datos personales, en funci\u00f3n de los acuerdos contractuales y las circunstancias, o bien est\u00e1n sujetos a las instrucciones del responsable del tratamiento en cuanto a los fines y medios del tratamiento de dichos datos (encargados del tratamiento), o bien son ellos mismos quienes determinan los fines y medios del tratamiento (responsables del tratamiento).<\/li>\n\n\n\n<li>Los datos personales de los destinatarios de los servicios se almacenan exclusivamente en el Espacio Econ\u00f3mico Europeo (EEE), de conformidad con el apartado 5.5 de la Pol\u00edtica de privacidad.<\/li>\n<\/ul>\n\n\n\n<p class=\"wp-block-paragraph\"><strong>\u00a7 4<\/strong><\/p>\n\n\n\n<p class=\"wp-block-paragraph\"><strong>DERECHO DE CONTROL, ACCESO Y RECTIFICACI\u00d3N DE SUS DATOS<\/strong><\/p>\n\n\n\n<ol class=\"wp-block-list\">\n<li>El Titular de los datos tiene derecho a acceder al contenido de sus datos personales y derecho de rectificaci\u00f3n, supresi\u00f3n, limitaci\u00f3n del tratamiento, derecho a la portabilidad de los datos, derecho de oposici\u00f3n, derecho a retirar el consentimiento en cualquier momento sin que ello afecte a la licitud del tratamiento efectuado sobre la base del consentimiento antes de su retirada. Fundamento jur\u00eddico de la solicitud del destinatario del servicio: <ol><li><strong>acceso a los datos<\/strong> - Art\u00edculo 15 RODO,<\/li><\/ol><ol><li><strong>rectificaci\u00f3n de datos<\/strong> - Art\u00edculo 16 RODO,<\/li><\/ol><ol><li><strong>supresi\u00f3n de datos (derecho al olvido) <\/strong>- Art\u00edculo 17 RODO,<\/li><\/ol><ol><li><strong>restricci\u00f3n del tratamiento<\/strong> - Art\u00edculo 18 RODO,<\/li><\/ol><ol><li><strong>transferencia de datos <\/strong>- Art\u00edculo 20 RODO,<\/li><\/ol><ol><li><strong>objeci\u00f3n <\/strong>- Art\u00edculo 21 RODO,<\/li><\/ol>\n<ol class=\"wp-block-list\">\n<li><strong>retirada del consentimiento <\/strong>- Art\u00edculo 7(3) RODO.<\/li>\n<\/ol>\n<\/li>\n\n\n\n<li>Para ejercer los derechos mencionados en el punto 2, puede enviar el correo electr\u00f3nico correspondiente a:<strong> solveredu@solveredu.com<\/strong><\/li>\n\n\n\n<li>En caso de que el Cliente presente una reclamaci\u00f3n al amparo de los derechos anteriores, el Administrador deber\u00e1 atender la solicitud o negarse a atenderla inmediatamente, pero a m\u00e1s tardar en el plazo de un mes desde la recepci\u00f3n de la solicitud. No obstante, si -debido a la complicada naturaleza de la solicitud o al n\u00famero de solicitudes- el Administrador no pudiera atender la solicitud en el plazo de un mes, atender\u00e1 la solicitud en un plazo adicional de dos meses informando previamente al Destinatario del Servicio, en el plazo de un mes desde la recepci\u00f3n de la solicitud, de la ampliaci\u00f3n del plazo prevista y de los motivos de la misma.<\/li>\n\n\n\n<li>Si se determina que el tratamiento de datos personales infringe las disposiciones del RODO, el interesado tiene derecho a presentar una reclamaci\u00f3n ante el Presidente de la Autoridad de Protecci\u00f3n de Datos.<\/li>\n<\/ol>\n\n\n\n<p class=\"wp-block-paragraph\"><strong>&nbsp;\u00a7 5<\/strong><\/p>\n\n\n\n<p class=\"wp-block-paragraph\"><strong>COOKIES<\/strong><strong><\/strong><\/p>\n\n\n\n<ol class=\"wp-block-list\">\n<li>La aplicaci\u00f3n del Administrador utiliza archivos \"<em>galletas\"<\/em>.<\/li>\n\n\n\n<li>Instalaci\u00f3n de archivos \"<em>galletas<\/em>\" es necesario para la correcta prestaci\u00f3n de los servicios en la Aplicaci\u00f3n. En los ficheros \"<em>galletas<\/em>\" contiene la informaci\u00f3n necesaria para el correcto funcionamiento de la Aplicaci\u00f3n y tambi\u00e9n ofrece la posibilidad de elaborar estad\u00edsticas generales sobre sus visitas.<\/li>\n\n\n\n<li>La Aplicaci\u00f3n utiliza dos tipos de archivos \"<em>galletas<\/em>\": \"basado en sesi\u00f3n\" y \"permanente\".<ol><li>\"<em>galletas<\/em>\"Los archivos de \"sesi\u00f3n\" son archivos temporales que se almacenan en el equipo terminal del Destinatario del Servicio hasta que se desconecta (abandona la Aplicaci\u00f3n),<\/li><\/ol>\n<ol class=\"wp-block-list\">\n<li>archivos \"permanentes\" \"<em>galletas<\/em>\" se almacenan en el equipo terminal del Cliente durante el tiempo especificado en los par\u00e1metros de los \" archivos.<em>galletas<\/em>\" o hasta que sean retirados por el Cliente.<\/li>\n<\/ol>\n<\/li>\n\n\n\n<li>El Administrador utiliza sus propias cookies para comprender mejor c\u00f3mo interact\u00faan los Destinatarios del Servicio con el contenido de la Aplicaci\u00f3n. Las cookies recopilan informaci\u00f3n sobre c\u00f3mo el Destinatario del Servicio utiliza la Aplicaci\u00f3n, el tipo de p\u00e1gina desde la que se redirigi\u00f3 al Destinatario del Servicio y el n\u00famero de visitas y la hora de la visita del Destinatario del Servicio a la Aplicaci\u00f3n. Esta informaci\u00f3n no registra los datos personales espec\u00edficos del destinatario del servicio, sino que se utiliza para elaborar estad\u00edsticas sobre el uso de la aplicaci\u00f3n.<\/li>\n\n\n\n<li>El Administrador utiliza cookies externas para recopilar datos estad\u00edsticos generales y an\u00f3nimos a trav\u00e9s de la herramienta anal\u00edtica Google Analytics (administrador externo de cookies: Google LLC. con sede en EE.UU.).<\/li>\n\n\n\n<li>Las cookies tambi\u00e9n pueden ser utilizadas por redes publicitarias, en particular la red de Google, con el fin de mostrar anuncios adaptados a la forma en que el Destinatario del Servicio utiliza la Aplicaci\u00f3n. Para ello, pueden conservar informaci\u00f3n sobre la ruta de navegaci\u00f3n del Destinatario del Servicio o el tiempo que pasa en la Aplicaci\u00f3n.<\/li>\n\n\n\n<li>El cliente tiene derecho a decidir sobre el acceso a los ficheros \"<em>galletas<\/em>\" a su ordenador cambiando la configuraci\u00f3n de la ventana de su navegador.  Informaci\u00f3n detallada sobre la posibilidad y el tratamiento de archivos \"<em>galletas<\/em>\" tambi\u00e9n est\u00e1n disponibles en la configuraci\u00f3n del software (navegador).<\/li>\n<\/ol>\n\n\n\n<p class=\"wp-block-paragraph\"><strong>\u00a7 6<\/strong><\/p>\n\n\n\n<p class=\"wp-block-paragraph\"><strong>SERVICIOS ADICIONALES VINCULADOS A LA ACTIVIDAD DEL USUARIO EN LA APLICACI\u00d3N<\/strong><\/p>\n\n\n\n<ol class=\"wp-block-list\">\n<li>La Aplicaci\u00f3n utiliza los denominados plugins sociales (\"plugins\") de redes sociales. Al mostrar la Aplicaci\u00f3n que contiene dicho plug-in, el navegador del Destinatario del Servicio establecer\u00e1 una conexi\u00f3n directa con los servidores de Google.<\/li>\n\n\n\n<li>El contenido del plug-in es transmitido por el proveedor de servicios correspondiente directamente al navegador del Cliente e integrado en la Aplicaci\u00f3n. A trav\u00e9s de esta integraci\u00f3n, los proveedores de servicios reciben informaci\u00f3n de que el navegador del Cliente ha visto la Aplicaci\u00f3n, incluso si el Cliente no tiene un perfil con el proveedor o no est\u00e1 conectado en ese momento en el proveedor. Esta informaci\u00f3n (incluida la direcci\u00f3n IP del Cliente) es enviada por el navegador directamente al servidor del proveedor (algunos servidores se encuentran en EE.UU.), donde se almacena.<\/li>\n\n\n\n<li>Si el Cliente se conecta a la red social mencionada, el proveedor de servicios podr\u00e1 asociar directamente la visita a la Aplicaci\u00f3n con el perfil del Cliente en la red social en cuesti\u00f3n.<\/li>\n\n\n\n<li>Si el usuario utiliza el complemento, por ejemplo haciendo clic en el bot\u00f3n \"Me gusta\" o en el bot\u00f3n \"Compartir\", la informaci\u00f3n correspondiente tambi\u00e9n se enviar\u00e1 directamente al servidor del proveedor de servicios correspondiente y se almacenar\u00e1 all\u00ed.<\/li>\n\n\n\n<li>La finalidad y el alcance de la recopilaci\u00f3n de datos y su posterior tratamiento y uso por parte de los proveedores de servicios, as\u00ed como la posibilidad de ponerse en contacto y los derechos del destinatario del servicio a este respecto y la posibilidad de realizar ajustes para garantizar la protecci\u00f3n de la privacidad del destinatario del servicio se describen en la pol\u00edtica de privacidad del proveedor de servicios: <a href=\"https:\/\/policies.google.com\/privacy?hl=pl&amp;gl=ZZ\" target=\"_blank\" rel=\"noopener\"><em>https:\/\/policies.google.com\/privacy?hl=pl&amp;gl=ZZ<\/em><\/a><em>.<\/em><\/li>\n\n\n\n<li>Si el Usuario no desea que las redes sociales asocien los datos recogidos durante su visita a la Aplicaci\u00f3n directamente con su perfil en el sitio web respectivo, deber\u00e1 cerrar la sesi\u00f3n en el sitio web antes de visitar la Aplicaci\u00f3n. El Usuario tambi\u00e9n puede evitar que se carguen plug-ins en la Aplicaci\u00f3n utilizando las extensiones de navegador adecuadas, por ejemplo, bloqueando scripts con \"NoScript\".<\/li>\n\n\n\n<li>Trabajamos con Microsoft Clarity y Microsoft Advertising para registrar c\u00f3mo utiliza e interact\u00faa con nuestro sitio web utilizando m\u00e9tricas de comportamiento, mapas de calor y repeticiones de sesi\u00f3n para ayudarnos a mejorar y promocionar nuestros productos\/servicios. Los datos de uso del sitio web se recopilan utilizando cookies propias y de terceros y otras tecnolog\u00edas de seguimiento para determinar la popularidad del producto\/servicio y la actividad en l\u00ednea. Adem\u00e1s, utilizamos esta informaci\u00f3n con fines de optimizaci\u00f3n del sitio, seguridad y publicidad. Para obtener m\u00e1s informaci\u00f3n sobre c\u00f3mo Microsoft recopila y utiliza sus datos, visite <a>Declaraci\u00f3n de <\/a><a>Responsable de privacidad de Microsoft<\/a>.<\/li>\n<\/ol>\n\n\n\n<p class=\"wp-block-paragraph\"><strong>\u00a7 7<\/strong><\/p>\n\n\n\n<p class=\"wp-block-paragraph\"><strong>DISPOSICIONES FINALES<\/strong><\/p>\n\n\n\n<p class=\"wp-block-paragraph\">En los asuntos no cubiertos por esta Pol\u00edtica de Privacidad, se aplicar\u00e1n en consecuencia las disposiciones del RODO y otras disposiciones pertinentes de la legislaci\u00f3n polaca.<\/p>\n\n\n\n<p class=\"wp-block-paragraph\">El responsable del tratamiento aplicar\u00e1 las medidas de \u00edndole t\u00e9cnica y organizativas necesarias para garantizar la protecci\u00f3n de los datos de car\u00e1cter personal objeto de tratamiento adecuados a los riesgos y categor\u00edas de datos protegidos y, en particular, para la protecci\u00f3n de los datos contra el acceso a los mismos por personas no autorizadas, contra su recogida por personas no autorizadas, contra su tratamiento en violaci\u00f3n de la normativa aplicable y contra su alteraci\u00f3n, p\u00e9rdida, deterioro o destrucci\u00f3n.<\/p>\n\n\n\n<p class=\"wp-block-paragraph\">El administrador utilizar\u00e1 las medidas t\u00e9cnicas adecuadas para impedir que personas no autorizadas obtengan y modifiquen los datos personales enviados por v\u00eda electr\u00f3nica.<\/p>","protected":false},"excerpt":{"rendered":"<p>POLITYKA PRYWATNO\u015aCI APLIKACJI INTERNETOWEJ SOLVEREDU.COM \u00a7 1 POSTANOWIENIA OG\u00d3LNE \u00a7 2 CEL I ZAKRES ZBIERANIA DANYCH \u00a7 3 ODBIORCY DANYCH OSOBOWYCH \u00a7 4 PRAWO KONTROLI, DOST\u0118PU DO TRE\u015aCI SWOICH DANYCH ORAZ ICH POPRAWIANIA &nbsp;\u00a7 5 PLIKI &#8222;COOKIES&#8221; \u00a7 6 US\u0141UGI DODATKOWE ZWI\u0104ZANE Z AKTYWNO\u015aCI\u0104 U\u017bYTKOWNIKA W APLIKACJI \u00a7 7 POSTANOWIENIA KO\u0143COWE W sprawach nieuregulowanych niniejsz\u0105 [&hellip;]<\/p>\n","protected":false},"author":255930052,"featured_media":0,"parent":0,"menu_order":0,"comment_status":"closed","ping_status":"closed","template":"","meta":{"_crdt_document":"","footnotes":""},"class_list":["post-2142","page","type-page","status-publish","hentry"],"jetpack_shortlink":"https:\/\/wp.me\/Pg3flK-yy","jetpack-related-posts":[],"jetpack_sharing_enabled":true,"_links":{"self":[{"href":"https:\/\/solveredu.com\/es\/wp-json\/wp\/v2\/pages\/2142","targetHints":{"allow":["GET"]}}],"collection":[{"href":"https:\/\/solveredu.com\/es\/wp-json\/wp\/v2\/pages"}],"about":[{"href":"https:\/\/solveredu.com\/es\/wp-json\/wp\/v2\/types\/page"}],"author":[{"embeddable":true,"href":"https:\/\/solveredu.com\/es\/wp-json\/wp\/v2\/users\/255930052"}],"replies":[{"embeddable":true,"href":"https:\/\/solveredu.com\/es\/wp-json\/wp\/v2\/comments?post=2142"}],"version-history":[{"count":7,"href":"https:\/\/solveredu.com\/es\/wp-json\/wp\/v2\/pages\/2142\/revisions"}],"predecessor-version":[{"id":2910,"href":"https:\/\/solveredu.com\/es\/wp-json\/wp\/v2\/pages\/2142\/revisions\/2910"}],"wp:attachment":[{"href":"https:\/\/solveredu.com\/es\/wp-json\/wp\/v2\/media?parent=2142"}],"curies":[{"name":"wp","href":"https:\/\/api.w.org\/{rel}","templated":true}]}}